{"id":447,"date":"2014-10-13T15:49:29","date_gmt":"2014-10-13T15:49:29","guid":{"rendered":"http:\/\/www.avcostamar.com\/la-empresa-2\/"},"modified":"2014-11-28T11:02:40","modified_gmt":"2014-11-28T11:02:40","slug":"la-empresa","status":"publish","type":"page","link":"https:\/\/www.avcostamar.com\/fr\/la-empresa\/","title":{"rendered":"L&#8217;Entreprise"},"content":{"rendered":"<p>A.V.COSTAMAR,S.L. est un groupe compos\u00e9 de professionnels hautement qualifi\u00e9s et fort d\u2019une longue exp\u00e9rience dans le secteur immobilier. \u00c9tablis dans la r\u00e9gion \u00ab Costa Blanca \u00bb depuis 1996 nous sommes offrons un service rapide et personnalis\u00e9, en assurant ,\u00e0 chaque client, une offre \u00e9tendue. Selon ses go\u00fbts et ses besoins.<\/p>\n<p>Nous disposons d&#8217;une grande s\u00e9lection de biens constamment actualis\u00e9e. Telle que : villas, appartements, maisons unifamiliales, bungalows,\u2026 Tant de seconde main que de nouvelle construction. Et si vous d\u00e9sirez faire un investissement, nous pouvons aussi vous proposer des locaux commerciaux, des terrains et des parcelles. Le tout avec les meilleures conditions du march\u00e9 immobilier actuel.<\/p>\n<p>Venez nous rencontrer. Nous nous chargerons de vous conseiller du d\u00e9but \u00e0 la fin pour que vous puissiez acheter, louer ou construire votre maison en toute tranquillit\u00e9. Compter sur une \u00e9quipe professionnelle et qualifi\u00e9e qui veille sur vos int\u00e9r\u00eats et qui s&#8217;occupera de tous les d\u00e9tails.<\/p>\n<p>PLUS QU&#8217;UNE R\u00c9SIDENCE. Votre maison le long de la c\u00f4te se transformera en votre foyer. Venez profiter du climat m\u00e9diterran\u00e9en, entour\u00e9 de nature et de magnifiques paysages. B\u00e9n\u00e9ficiez aussi d\u2019une large suggestion de sports et de loisirs. <\/p>\n","protected":false},"excerpt":{"rendered":"<p>A.V.COSTAMAR,S.L. est un groupe compos\u00e9 de professionnels hautement qualifi\u00e9s et fort d\u2019une longue exp\u00e9rience dans le secteur immobilier. \u00c9tablis dans la r\u00e9gion \u00ab Costa Blanca \u00bb depuis 1996 nous sommes offrons un service rapide et personnalis\u00e9, en assurant ,\u00e0 chaque client, une offre \u00e9tendue. Selon ses go\u00fbts et ses besoins. Nous disposons d&#8217;une grande s\u00e9lection&#8230;<\/p>\n","protected":false},"author":2,"featured_media":0,"parent":0,"menu_order":2,"comment_status":"closed","ping_status":"closed","template":"templates\/full-width.php","meta":{"footnotes":""},"class_list":["post-447","page","type-page","status-publish","hentry"],"_links":{"self":[{"href":"https:\/\/www.avcostamar.com\/fr\/wp-json\/wp\/v2\/pages\/447","targetHints":{"allow":["GET"]}}],"collection":[{"href":"https:\/\/www.avcostamar.com\/fr\/wp-json\/wp\/v2\/pages"}],"about":[{"href":"https:\/\/www.avcostamar.com\/fr\/wp-json\/wp\/v2\/types\/page"}],"author":[{"embeddable":true,"href":"https:\/\/www.avcostamar.com\/fr\/wp-json\/wp\/v2\/users\/2"}],"replies":[{"embeddable":true,"href":"https:\/\/www.avcostamar.com\/fr\/wp-json\/wp\/v2\/comments?post=447"}],"version-history":[{"count":6,"href":"https:\/\/www.avcostamar.com\/fr\/wp-json\/wp\/v2\/pages\/447\/revisions"}],"predecessor-version":[{"id":1117,"href":"https:\/\/www.avcostamar.com\/fr\/wp-json\/wp\/v2\/pages\/447\/revisions\/1117"}],"wp:attachment":[{"href":"https:\/\/www.avcostamar.com\/fr\/wp-json\/wp\/v2\/media?parent=447"}],"curies":[{"name":"wp","href":"https:\/\/api.w.org\/{rel}","templated":true}]}}