{"id":82,"date":"2014-10-13T15:49:29","date_gmt":"2014-10-13T15:49:29","guid":{"rendered":"http:\/\/www.avcostamar.com\/?page_id=82"},"modified":"2014-11-19T11:23:10","modified_gmt":"2014-11-19T11:23:10","slug":"la-empresa","status":"publish","type":"page","link":"https:\/\/www.avcostamar.com\/de\/la-empresa\/","title":{"rendered":"Das Unternehmen"},"content":{"rendered":"<p>In A.V. COSTAMAR S.L., Immobilienagentur mit langj\u00e4hriger professioneller Erfahrung bieten wir Ihnen eine einfache Abwicklung beim Kauf\/Verkauf einer Immobilie. Wir verf\u00fcgen \u00fcber ein gro\u00dfes und sorgf\u00e4ltig ausgew\u00e4hltes Angebot an Immobilien, aus welchem Sie Ihr Heim aussuchen oder einen Neubau nach Ihren Vorstellungen durch uns planen und entwickeln lassen k\u00f6nnen.<\/p>\n<p>Mit der professionellen Unterst\u00fctzung unseres hoch qualifizierten und erfahrenen Mitarbeiterteams finden Sie in A.V. Costamar S.L. den besten Service beim Kauf oder Verkauf einer Immobilie<\/p>\n<p>Wenn Sie sich entschlie\u00dfen, an der Costa Blanca zu leben, genie\u00dfen Sie das Privileg einer phantastischen Landschaft, eines gesundheitsf\u00f6rdernden Klimas, einer entspannenden Umgebung, in welcher Sie gleichzeitig eine gro\u00dfe Auswahl an sportlichen und kulturellen Aktivit\u00e4ten vorfinden und die Ihnen LEBENSQUALIT\u00c4T garantieren; und selbstverst\u00e4ndlich eine sofortige Aufwertung des investierten Kapitals in den Kauf einer Immobilie.<\/p>\n<p>Lernen Sie die Costa Blanca und unsere Immobilien n\u00e4her kennen<\/p>\n","protected":false},"excerpt":{"rendered":"<p>In A.V. COSTAMAR S.L., Immobilienagentur mit langj\u00e4hriger professioneller Erfahrung bieten wir Ihnen eine einfache Abwicklung beim Kauf\/Verkauf einer Immobilie. Wir verf\u00fcgen \u00fcber ein gro\u00dfes und sorgf\u00e4ltig ausgew\u00e4hltes Angebot an Immobilien, aus welchem Sie Ihr Heim aussuchen oder einen Neubau nach Ihren Vorstellungen durch uns planen und entwickeln lassen k\u00f6nnen. Mit der professionellen Unterst\u00fctzung unseres hoch&#8230;<\/p>\n","protected":false},"author":2,"featured_media":0,"parent":0,"menu_order":2,"comment_status":"closed","ping_status":"closed","template":"templates\/full-width.php","meta":{"footnotes":""},"class_list":["post-82","page","type-page","status-publish","hentry"],"_links":{"self":[{"href":"https:\/\/www.avcostamar.com\/de\/wp-json\/wp\/v2\/pages\/82","targetHints":{"allow":["GET"]}}],"collection":[{"href":"https:\/\/www.avcostamar.com\/de\/wp-json\/wp\/v2\/pages"}],"about":[{"href":"https:\/\/www.avcostamar.com\/de\/wp-json\/wp\/v2\/types\/page"}],"author":[{"embeddable":true,"href":"https:\/\/www.avcostamar.com\/de\/wp-json\/wp\/v2\/users\/2"}],"replies":[{"embeddable":true,"href":"https:\/\/www.avcostamar.com\/de\/wp-json\/wp\/v2\/comments?post=82"}],"version-history":[{"count":5,"href":"https:\/\/www.avcostamar.com\/de\/wp-json\/wp\/v2\/pages\/82\/revisions"}],"predecessor-version":[{"id":510,"href":"https:\/\/www.avcostamar.com\/de\/wp-json\/wp\/v2\/pages\/82\/revisions\/510"}],"wp:attachment":[{"href":"https:\/\/www.avcostamar.com\/de\/wp-json\/wp\/v2\/media?parent=82"}],"curies":[{"name":"wp","href":"https:\/\/api.w.org\/{rel}","templated":true}]}}